{"id":335,"date":"2024-06-21T15:43:59","date_gmt":"2024-06-21T13:43:59","guid":{"rendered":"https:\/\/axauto.fr\/?page_id=335"},"modified":"2024-06-28T15:09:40","modified_gmt":"2024-06-28T13:09:40","slug":"nos-services","status":"publish","type":"page","link":"https:\/\/axauto.fr\/?page_id=335","title":{"rendered":"Nos services"},"content":{"rendered":"\n<figure class=\"wp-block-table is-style-stripes\"><table><tbody><tr><td><strong><em>Vente de v\u00e9hicules<\/em><\/strong><\/td><td><em><strong>Services de recherche de V\u00e9hicules Neufs ou d\u2019Occasion<\/strong><\/em><\/td><\/tr><tr><td>Nous avons par moment des v\u00e9hicules d&rsquo;occasion \u00e0 proposer. Contactez-nous pour v\u00e9rifier la disponibilit\u00e9.<\/td><td>Confiez-nous votre recherche de v\u00e9hicule. Nous trouvons celui qui correspond \u00e0 vos crit\u00e8res et budget.<\/td><\/tr><tr><td><strong><em>R\u00e9paration, Entretien et Service de D\u00e9pannage<\/em><\/strong><\/td><td><strong><em>Services en Pneumatique<\/em><\/strong><\/td><\/tr><tr><td>De l&rsquo;entretien courant aux grosses r\u00e9parations, nous assurons la fiabilit\u00e9 et la s\u00e9curit\u00e9 de votre v\u00e9hicule.<br><\/td><td>Montage, \u00e9quilibrage et r\u00e9paration pour une s\u00e9curit\u00e9 optimale sur la route.<br><\/td><\/tr><tr><td><strong><em>Freins<\/em><\/strong><\/td><td><strong><em>\u00c9clairage<\/em><\/strong><\/td><\/tr><tr><td>R\u00e9parations compl\u00e8tes pour assurer une r\u00e9ponse efficace et s\u00e9curis\u00e9e du syst\u00e8me de freinage.<\/td><td>Maintenance et nettoyage des optiques de phares pour une visibilit\u00e9 accrue.<\/td><\/tr><tr><td><strong><em>Bo\u00eete de Vitesse<\/em><\/strong><\/td><td><strong><em>Embrayage<\/em><\/strong><\/td><\/tr><tr><td>Entretien et r\u00e9parations pour assurer un fonctionnement fluide de la transmission.<\/td><td>Services sp\u00e9cialis\u00e9s pour une transmission de puissance efficace et une conduite agr\u00e9able.<\/td><\/tr><\/tbody><\/table><\/figure>\n\n\n<div class=\"n2-section-smartslider fitvidsignore  n2_clear\" data-ssid=\"3\"><div id=\"n2-ss-3-align\" class=\"n2-ss-align\"><div class=\"n2-padding\"><div id=\"n2-ss-3\" data-creator=\"Smart Slider 3\" data-responsive=\"auto\" class=\"n2-ss-slider n2-ow n2-has-hover n2notransition  \"><div class=\"n2-ss-slider-wrapper-inside\">\n        <div class=\"n2-ss-slider-1 n2_ss__touch_element n2-ow\">\n            <div class=\"n2-ss-slider-2 n2-ow\">\n                                                <div class=\"n2-ss-slider-3 n2-ow\">\n\n                    <div class=\"n2-ss-slide-backgrounds n2-ow-all\"><div class=\"n2-ss-slide-background\" data-public-id=\"1\" data-mode=\"fill\"><div class=\"n2-ss-slide-background-image\" data-blur=\"0\" data-opacity=\"100\" data-x=\"50\" data-y=\"50\" data-alt=\"4x4 BV\" data-title=\"\"><picture class=\"skip-lazy\" data-skip-lazy=\"1\"><img decoding=\"async\" src=\"\/\/axauto.fr\/wp-content\/uploads\/2023\/07\/P1090136-1.jpg\" alt=\"4x4 BV\" title=\"\" loading=\"lazy\" class=\"skip-lazy\" data-skip-lazy=\"1\"><\/picture><\/div><div data-color=\"RGBA(255,255,255,0)\" style=\"background-color: RGBA(255,255,255,0);\" class=\"n2-ss-slide-background-color\"><\/div><\/div><div class=\"n2-ss-slide-background\" data-public-id=\"2\" data-mode=\"fill\"><div class=\"n2-ss-slide-background-image\" data-blur=\"0\" data-opacity=\"100\" data-x=\"50\" data-y=\"50\" data-alt=\"\" data-title=\"\"><picture class=\"skip-lazy\" data-skip-lazy=\"1\"><img decoding=\"async\" src=\"\/\/axauto.fr\/wp-content\/uploads\/2023\/07\/P1090133.jpg\" alt=\"\" title=\"\" loading=\"lazy\" class=\"skip-lazy\" data-skip-lazy=\"1\"><\/picture><\/div><div data-color=\"RGBA(255,255,255,0)\" style=\"background-color: RGBA(255,255,255,0);\" class=\"n2-ss-slide-background-color\"><\/div><\/div><div class=\"n2-ss-slide-background\" data-public-id=\"3\" data-mode=\"fill\"><div class=\"n2-ss-slide-background-image\" data-blur=\"0\" data-opacity=\"100\" data-x=\"50\" data-y=\"50\" data-alt=\"\" data-title=\"\"><picture class=\"skip-lazy\" data-skip-lazy=\"1\"><img decoding=\"async\" src=\"\/\/axauto.fr\/wp-content\/uploads\/2023\/07\/P1090132.jpg\" alt=\"\" title=\"\" loading=\"lazy\" class=\"skip-lazy\" data-skip-lazy=\"1\"><\/picture><\/div><div data-color=\"RGBA(255,255,255,0)\" style=\"background-color: RGBA(255,255,255,0);\" class=\"n2-ss-slide-background-color\"><\/div><\/div><div class=\"n2-ss-slide-background\" data-public-id=\"4\" data-mode=\"fill\"><div class=\"n2-ss-slide-background-image\" data-blur=\"0\" data-opacity=\"100\" data-x=\"50\" data-y=\"50\" data-alt=\"\" data-title=\"\"><picture class=\"skip-lazy\" data-skip-lazy=\"1\"><img decoding=\"async\" src=\"\/\/axauto.fr\/wp-content\/uploads\/2023\/07\/P1090130.jpg\" alt=\"\" title=\"\" loading=\"lazy\" class=\"skip-lazy\" data-skip-lazy=\"1\"><\/picture><\/div><div data-color=\"RGBA(255,255,255,0)\" style=\"background-color: RGBA(255,255,255,0);\" class=\"n2-ss-slide-background-color\"><\/div><\/div><div class=\"n2-ss-slide-background\" data-public-id=\"5\" data-mode=\"fill\"><div class=\"n2-ss-slide-background-image\" data-blur=\"0\" data-opacity=\"100\" data-x=\"50\" data-y=\"50\" data-alt=\"\" data-title=\"\"><picture class=\"skip-lazy\" data-skip-lazy=\"1\"><img decoding=\"async\" src=\"\/\/axauto.fr\/wp-content\/uploads\/2023\/07\/P1090131.jpg\" alt=\"\" title=\"\" loading=\"lazy\" class=\"skip-lazy\" data-skip-lazy=\"1\"><\/picture><\/div><div data-color=\"RGBA(255,255,255,0)\" style=\"background-color: RGBA(255,255,255,0);\" class=\"n2-ss-slide-background-color\"><\/div><\/div><\/div>                    <div class=\"n2-ss-slider-4 n2-ow\">\n                        <svg xmlns=\"http:\/\/www.w3.org\/2000\/svg\" viewBox=\"0 0 600 300\" data-related-device=\"desktopPortrait\" class=\"n2-ow n2-ss-preserve-size n2-ss-preserve-size--slider n2-ss-slide-limiter\"><\/svg><div data-first=\"1\" data-slide-duration=\"0\" data-id=\"11\" data-slide-public-id=\"1\" class=\"n2-ss-slide n2-ow  n2-ss-slide-11\"><div role=\"note\" class=\"n2-ss-slide--focus\" tabindex=\"-1\"><\/div><div class=\"n2-ss-layers-container n2-ss-slide-limiter n2-ow\"><div class=\"n2-ss-layer n2-ow n-uc-eqdaYYGdeZcy\" data-sstype=\"slide\" data-pm=\"default\"><\/div><\/div><\/div><div data-slide-duration=\"0\" data-id=\"10\" data-slide-public-id=\"2\" data-title=\"P1090133\" class=\"n2-ss-slide n2-ow  n2-ss-slide-10\"><div role=\"note\" class=\"n2-ss-slide--focus\" tabindex=\"-1\">P1090133<\/div><div class=\"n2-ss-layers-container n2-ss-slide-limiter n2-ow\"><div class=\"n2-ss-layer n2-ow n-uc-MmjSVyF74DBZ\" data-sstype=\"slide\" data-pm=\"default\"><\/div><\/div><\/div><div data-slide-duration=\"0\" data-id=\"9\" data-slide-public-id=\"3\" data-title=\"P1090132\" class=\"n2-ss-slide n2-ow  n2-ss-slide-9\"><div role=\"note\" class=\"n2-ss-slide--focus\" tabindex=\"-1\">P1090132<\/div><div class=\"n2-ss-layers-container n2-ss-slide-limiter n2-ow\"><div class=\"n2-ss-layer n2-ow n-uc-ZYXFC8lTkkkF\" data-sstype=\"slide\" data-pm=\"default\"><\/div><\/div><\/div><div data-slide-duration=\"0\" data-id=\"7\" data-slide-public-id=\"4\" data-title=\"P1090130\" class=\"n2-ss-slide n2-ow  n2-ss-slide-7\"><div role=\"note\" class=\"n2-ss-slide--focus\" tabindex=\"-1\">P1090130<\/div><div class=\"n2-ss-layers-container n2-ss-slide-limiter n2-ow\"><div class=\"n2-ss-layer n2-ow n-uc-GKCZpGNT0VRm\" data-sstype=\"slide\" data-pm=\"default\"><\/div><\/div><\/div><div data-slide-duration=\"0\" data-id=\"8\" data-slide-public-id=\"5\" data-title=\"P1090131\" class=\"n2-ss-slide n2-ow  n2-ss-slide-8\"><div role=\"note\" class=\"n2-ss-slide--focus\" tabindex=\"-1\">P1090131<\/div><div class=\"n2-ss-layers-container n2-ss-slide-limiter n2-ow\"><div class=\"n2-ss-layer n2-ow n-uc-P2ZewQidUB5I\" data-sstype=\"slide\" data-pm=\"default\"><\/div><\/div><\/div>                    <\/div>\n\n                                    <\/div>\n            <\/div>\n        <\/div>\n        <div class=\"n2-ss-slider-controls n2-ss-slider-controls-absolute-left-center\"><div style=\"--widget-offset:15px;\" class=\"n2-ss-widget nextend-arrow n2-ow-all nextend-arrow-previous  nextend-arrow-animated-fade\" data-hide-mobileportrait=\"1\" id=\"n2-ss-3-arrow-previous\" role=\"button\" aria-label=\"previous arrow\" tabindex=\"0\"><img loading=\"lazy\" decoding=\"async\" width=\"32\" height=\"32\" class=\"skip-lazy\" data-skip-lazy=\"1\" src=\"data:image\/svg+xml;base64,PHN2ZyB3aWR0aD0iMzIiIGhlaWdodD0iMzIiIHZpZXdCb3g9IjAgMCAzMiAzMiIgeG1sbnM9Imh0dHA6Ly93d3cudzMub3JnLzIwMDAvc3ZnIj4KICAgIDxwYXRoIGQ9Ik0xMS40MzMgMTUuOTkyTDIyLjY5IDUuNzEyYy4zOTMtLjM5LjM5My0xLjAzIDAtMS40Mi0uMzkzLS4zOS0xLjAzLS4zOS0xLjQyMyAwbC0xMS45OCAxMC45NGMtLjIxLjIxLS4zLjQ5LS4yODUuNzYtLjAxNS4yOC4wNzUuNTYuMjg0Ljc3bDExLjk4IDEwLjk0Yy4zOTMuMzkgMS4wMy4zOSAxLjQyNCAwIC4zOTMtLjQuMzkzLTEuMDMgMC0xLjQybC0xMS4yNTctMTAuMjkiCiAgICAgICAgICBmaWxsPSIjZmZmZmZmIiBvcGFjaXR5PSIwLjgiIGZpbGwtcnVsZT0iZXZlbm9kZCIvPgo8L3N2Zz4=\" alt=\"previous arrow\"><\/div><\/div><div class=\"n2-ss-slider-controls n2-ss-slider-controls-absolute-right-center\"><div style=\"--widget-offset:15px;\" class=\"n2-ss-widget nextend-arrow n2-ow-all nextend-arrow-next  nextend-arrow-animated-fade\" data-hide-mobileportrait=\"1\" id=\"n2-ss-3-arrow-next\" role=\"button\" aria-label=\"next arrow\" tabindex=\"0\"><img loading=\"lazy\" decoding=\"async\" width=\"32\" height=\"32\" class=\"skip-lazy\" data-skip-lazy=\"1\" src=\"data:image\/svg+xml;base64,PHN2ZyB3aWR0aD0iMzIiIGhlaWdodD0iMzIiIHZpZXdCb3g9IjAgMCAzMiAzMiIgeG1sbnM9Imh0dHA6Ly93d3cudzMub3JnLzIwMDAvc3ZnIj4KICAgIDxwYXRoIGQ9Ik0xMC43MjIgNC4yOTNjLS4zOTQtLjM5LTEuMDMyLS4zOS0xLjQyNyAwLS4zOTMuMzktLjM5MyAxLjAzIDAgMS40MmwxMS4yODMgMTAuMjgtMTEuMjgzIDEwLjI5Yy0uMzkzLjM5LS4zOTMgMS4wMiAwIDEuNDIuMzk1LjM5IDEuMDMzLjM5IDEuNDI3IDBsMTIuMDA3LTEwLjk0Yy4yMS0uMjEuMy0uNDkuMjg0LS43Ny4wMTQtLjI3LS4wNzYtLjU1LS4yODYtLjc2TDEwLjcyIDQuMjkzeiIKICAgICAgICAgIGZpbGw9IiNmZmZmZmYiIG9wYWNpdHk9IjAuOCIgZmlsbC1ydWxlPSJldmVub2RkIi8+Cjwvc3ZnPg==\" alt=\"next arrow\"><\/div><\/div><\/div><\/div><ss3-loader><\/ss3-loader><\/div><\/div><div class=\"n2_clear\"><\/div><\/div>\n\n\n<p class=\"has-text-align-left has-small-font-size\">*Exemple d&rsquo;op\u00e9ration sur embrayage<\/p>\n\n\n\n<div style=\"height:32px\" aria-hidden=\"true\" class=\"wp-block-spacer\"><\/div>\n\n\n\n<figure class=\"wp-block-table is-style-stripes\"><table><tbody><tr><td class=\"has-text-align-center\" data-align=\"center\"><strong><em>Courroie de Distribution<\/em><\/strong><\/td><td class=\"has-text-align-center\" data-align=\"center\"><strong><em>Direction, Amortisseurs, Rotules, Biellettes, Accessoires&#8230;<\/em><\/strong><\/td><\/tr><tr><td class=\"has-text-align-center\" data-align=\"center\">Remplacement et ajustement pr\u00e9cis pour garantir la fiabilit\u00e9 et la durabilit\u00e9 du moteur.<\/td><td class=\"has-text-align-center\" data-align=\"center\">Entretien et remplacement professionnels pour une conduite confortable, pr\u00e9cise et s\u00fbre.<\/td><\/tr><tr><td class=\"has-text-align-center\" data-align=\"center\"><strong><em>G\u00e9om\u00e9trie<\/em><\/strong><\/td><td class=\"has-text-align-center\" data-align=\"center\"><strong><em>\u00c9chappement<\/em><\/strong><\/td><\/tr><tr><td class=\"has-text-align-center\" data-align=\"center\">Ajustements pr\u00e9cis pour une conduite stable et une usure uniforme des pneus.<\/td><td class=\"has-text-align-center\" data-align=\"center\">Services complets pour optimiser les performances et r\u00e9duire les \u00e9missions.<\/td><\/tr><tr><td class=\"has-text-align-center\" data-align=\"center\"><strong><em>Climatisation<\/em><\/strong><\/td><td class=\"has-text-align-center\" data-align=\"center\"><em><strong>R\u00e9parations en Carrosserie et Peinture (selon la demande)<\/strong><\/em><\/td><\/tr><tr><td class=\"has-text-align-center\" data-align=\"center\">Entretien et r\u00e9parations pour maintenir la performance de votre climatisation.<\/td><td class=\"has-text-align-center\" data-align=\"center\">Nous pouvons g\u00e9rer une partie r\u00e9parations en carrosserie et peinture, selon les besoins sp\u00e9cifiques de votre v\u00e9hicule.<\/td><\/tr><tr><td class=\"has-text-align-center\" data-align=\"center\"><strong><em>Recherche de Panne, Diagnostic \u00c9lectrique et \u00c9lectronique<\/em><\/strong><\/td><td class=\"has-text-align-center\" data-align=\"center\"><strong><em>Pare-brise et Essuie-glaces<\/em><\/strong><\/td><\/tr><tr><td class=\"has-text-align-center\" data-align=\"center\">Diagnostic pr\u00e9cis et r\u00e9parations efficaces pour assurer le bon fonctionnement de votre v\u00e9hicule.<\/td><td class=\"has-text-align-center\" data-align=\"center\">R\u00e9parations et remplacements de pare-brise, ainsi que l&rsquo;entretien et le remplacement des essuie-glaces pour une visibilit\u00e9 maximale et une s\u00e9curit\u00e9 renforc\u00e9e.<\/td><\/tr><tr><td class=\"has-text-align-center\" data-align=\"center\"><strong><em>Services R\u00e9glementaires de Carte Grise (SIV ANTS)<\/em><\/strong><\/td><td class=\"has-text-align-center\" data-align=\"center\"><strong><em>V\u00e9hicules \u00c9lectriques\/Hybrides<\/em><\/strong><\/td><\/tr><tr><td class=\"has-text-align-center\" data-align=\"center\">Facilitation des d\u00e9marches administratives pour les cartes grises.<\/td><td class=\"has-text-align-center\" data-align=\"center\">Services sp\u00e9cialis\u00e9s conformes aux normes, avec habilitations et formations sp\u00e9cifiques pour une performance optimale.<\/td><\/tr><\/tbody><\/table><\/figure>\n\n\n\n<h2 class=\"wp-block-heading has-text-align-center\"><em><strong>Restauration de V\u00e9hicules Anciens<\/strong><\/em><\/h2>\n\n\n\n<p class=\"has-text-align-center\"><em>Nous redonnons vie \u00e0 vos v\u00e9hicules anciens avec soin et expertise.<\/em><\/p>\n\n\n\n<div class=\"wp-block-columns is-layout-flex wp-container-core-columns-is-layout-1 wp-block-columns-is-layout-flex\">\n<div class=\"wp-block-column is-layout-flow wp-block-column-is-layout-flow\">\n<figure class=\"wp-block-image size-large\"><img loading=\"lazy\" decoding=\"async\" width=\"1024\" height=\"768\" src=\"https:\/\/axauto.fr\/wp-content\/uploads\/2024\/06\/P1080879-1024x768.jpg\" alt=\"\" class=\"wp-image-337\" srcset=\"https:\/\/axauto.fr\/wp-content\/uploads\/2024\/06\/P1080879-1024x768.jpg 1024w, https:\/\/axauto.fr\/wp-content\/uploads\/2024\/06\/P1080879-300x225.jpg 300w, https:\/\/axauto.fr\/wp-content\/uploads\/2024\/06\/P1080879-768x576.jpg 768w, https:\/\/axauto.fr\/wp-content\/uploads\/2024\/06\/P1080879-1536x1152.jpg 1536w, https:\/\/axauto.fr\/wp-content\/uploads\/2024\/06\/P1080879-600x450.jpg 600w, https:\/\/axauto.fr\/wp-content\/uploads\/2024\/06\/P1080879.jpg 2048w\" sizes=\"(max-width: 1024px) 100vw, 1024px\" \/><\/figure>\n<\/div>\n\n\n\n<div class=\"wp-block-column is-layout-flow wp-block-column-is-layout-flow\">\n<figure class=\"wp-block-image size-large\"><img loading=\"lazy\" decoding=\"async\" width=\"1024\" height=\"768\" src=\"https:\/\/axauto.fr\/wp-content\/uploads\/2024\/06\/20210806_100617-1024x768.jpg\" alt=\"\" class=\"wp-image-338\" srcset=\"https:\/\/axauto.fr\/wp-content\/uploads\/2024\/06\/20210806_100617-1024x768.jpg 1024w, https:\/\/axauto.fr\/wp-content\/uploads\/2024\/06\/20210806_100617-300x225.jpg 300w, https:\/\/axauto.fr\/wp-content\/uploads\/2024\/06\/20210806_100617-768x576.jpg 768w, https:\/\/axauto.fr\/wp-content\/uploads\/2024\/06\/20210806_100617-1536x1152.jpg 1536w, https:\/\/axauto.fr\/wp-content\/uploads\/2024\/06\/20210806_100617-2048x1536.jpg 2048w, https:\/\/axauto.fr\/wp-content\/uploads\/2024\/06\/20210806_100617-600x450.jpg 600w\" sizes=\"(max-width: 1024px) 100vw, 1024px\" \/><\/figure>\n<\/div>\n\n\n\n<div class=\"wp-block-column is-layout-flow wp-block-column-is-layout-flow\">\n<figure class=\"wp-block-image size-full\"><img loading=\"lazy\" decoding=\"async\" width=\"640\" height=\"480\" src=\"https:\/\/axauto.fr\/wp-content\/uploads\/2024\/06\/P1080769.jpg\" alt=\"\" class=\"wp-image-339\" srcset=\"https:\/\/axauto.fr\/wp-content\/uploads\/2024\/06\/P1080769.jpg 640w, https:\/\/axauto.fr\/wp-content\/uploads\/2024\/06\/P1080769-300x225.jpg 300w, https:\/\/axauto.fr\/wp-content\/uploads\/2024\/06\/P1080769-600x450.jpg 600w\" sizes=\"(max-width: 640px) 100vw, 640px\" \/><\/figure>\n<\/div>\n<\/div>\n\n\n\n<p><em><a href=\"https:\/\/axauto.fr\/?page_id=173\">Nous contacter<\/a><\/em><\/p>\n","protected":false},"excerpt":{"rendered":"<p>Vente de v\u00e9hicules Services de recherche de V\u00e9hicules Neufs ou d\u2019Occasion Nous avons par moment des v\u00e9hicules d&rsquo;occasion \u00e0 proposer. Contactez-nous pour v\u00e9rifier la disponibilit\u00e9. Confiez-nous votre recherche de v\u00e9hicule. Nous trouvons celui qui correspond \u00e0 vos crit\u00e8res et budget. R\u00e9paration, Entretien et Service de D\u00e9pannage Services en Pneumatique De l&rsquo;entretien courant aux grosses r\u00e9parations, [&hellip;]<\/p>\n","protected":false},"author":1,"featured_media":0,"parent":0,"menu_order":0,"comment_status":"closed","ping_status":"closed","template":"","meta":{"om_disable_all_campaigns":false,"_monsterinsights_skip_tracking":false,"_monsterinsights_sitenote_active":false,"_monsterinsights_sitenote_note":"","_monsterinsights_sitenote_category":0,"footnotes":""},"yoast_head":"<!-- This site is optimized with the Yoast SEO plugin v22.9 - https:\/\/yoast.com\/wordpress\/plugins\/seo\/ -->\n<title>Nos services - axauto<\/title>\n<meta name=\"description\" content=\"D\u00e9couvrez nos services automobiles complets : vente, entretien, d\u00e9pannage, r\u00e9paration et plus encore. Contactez-nous rapidement !\" \/>\n<meta name=\"robots\" content=\"index, follow, max-snippet:-1, max-image-preview:large, max-video-preview:-1\" \/>\n<link rel=\"canonical\" href=\"https:\/\/axauto.fr\/?page_id=335\" \/>\n<meta property=\"og:locale\" content=\"fr_FR\" \/>\n<meta property=\"og:type\" content=\"article\" \/>\n<meta property=\"og:title\" content=\"Nos services - axauto\" \/>\n<meta property=\"og:description\" content=\"D\u00e9couvrez nos services automobiles complets : vente, entretien, d\u00e9pannage, r\u00e9paration et plus encore. Contactez-nous rapidement !\" \/>\n<meta property=\"og:url\" content=\"https:\/\/axauto.fr\/?page_id=335\" \/>\n<meta property=\"og:site_name\" content=\"axauto\" \/>\n<meta property=\"article:modified_time\" content=\"2024-06-28T13:09:40+00:00\" \/>\n<meta property=\"og:image\" content=\"https:\/\/axauto.fr\/wp-content\/uploads\/2024\/06\/P1080879-1024x768.jpg\" \/>\n<meta name=\"twitter:card\" content=\"summary_large_image\" \/>\n<meta name=\"twitter:label1\" content=\"Dur\u00e9e de lecture estim\u00e9e\" \/>\n\t<meta name=\"twitter:data1\" content=\"3 minutes\" \/>\n<script type=\"application\/ld+json\" class=\"yoast-schema-graph\">{\"@context\":\"https:\/\/schema.org\",\"@graph\":[{\"@type\":\"WebPage\",\"@id\":\"https:\/\/axauto.fr\/?page_id=335\",\"url\":\"https:\/\/axauto.fr\/?page_id=335\",\"name\":\"Nos services - axauto\",\"isPartOf\":{\"@id\":\"https:\/\/axauto.fr\/#website\"},\"primaryImageOfPage\":{\"@id\":\"https:\/\/axauto.fr\/?page_id=335#primaryimage\"},\"image\":{\"@id\":\"https:\/\/axauto.fr\/?page_id=335#primaryimage\"},\"thumbnailUrl\":\"https:\/\/axauto.fr\/wp-content\/uploads\/2024\/06\/P1080879-1024x768.jpg\",\"datePublished\":\"2024-06-21T13:43:59+00:00\",\"dateModified\":\"2024-06-28T13:09:40+00:00\",\"description\":\"D\u00e9couvrez nos services automobiles complets : vente, entretien, d\u00e9pannage, r\u00e9paration et plus encore. Contactez-nous rapidement !\",\"breadcrumb\":{\"@id\":\"https:\/\/axauto.fr\/?page_id=335#breadcrumb\"},\"inLanguage\":\"fr-FR\",\"potentialAction\":[{\"@type\":\"ReadAction\",\"target\":[\"https:\/\/axauto.fr\/?page_id=335\"]}]},{\"@type\":\"ImageObject\",\"inLanguage\":\"fr-FR\",\"@id\":\"https:\/\/axauto.fr\/?page_id=335#primaryimage\",\"url\":\"https:\/\/axauto.fr\/wp-content\/uploads\/2024\/06\/P1080879.jpg\",\"contentUrl\":\"https:\/\/axauto.fr\/wp-content\/uploads\/2024\/06\/P1080879.jpg\",\"width\":2048,\"height\":1536},{\"@type\":\"BreadcrumbList\",\"@id\":\"https:\/\/axauto.fr\/?page_id=335#breadcrumb\",\"itemListElement\":[{\"@type\":\"ListItem\",\"position\":1,\"name\":\"Accueil\",\"item\":\"https:\/\/axauto.fr\/\"},{\"@type\":\"ListItem\",\"position\":2,\"name\":\"Nos services\"}]},{\"@type\":\"WebSite\",\"@id\":\"https:\/\/axauto.fr\/#website\",\"url\":\"https:\/\/axauto.fr\/\",\"name\":\"axauto\",\"description\":\"Axauto centre auto\",\"publisher\":{\"@id\":\"https:\/\/axauto.fr\/#organization\"},\"potentialAction\":[{\"@type\":\"SearchAction\",\"target\":{\"@type\":\"EntryPoint\",\"urlTemplate\":\"https:\/\/axauto.fr\/?s={search_term_string}\"},\"query-input\":\"required name=search_term_string\"}],\"inLanguage\":\"fr-FR\"},{\"@type\":\"Organization\",\"@id\":\"https:\/\/axauto.fr\/#organization\",\"name\":\"axauto\",\"url\":\"https:\/\/axauto.fr\/\",\"logo\":{\"@type\":\"ImageObject\",\"inLanguage\":\"fr-FR\",\"@id\":\"https:\/\/axauto.fr\/#\/schema\/logo\/image\/\",\"url\":\"https:\/\/axauto.fr\/wp-content\/uploads\/2022\/06\/cropped-cropped-logo-axauto-3-scaled-1.jpg\",\"contentUrl\":\"https:\/\/axauto.fr\/wp-content\/uploads\/2022\/06\/cropped-cropped-logo-axauto-3-scaled-1.jpg\",\"width\":586,\"height\":250,\"caption\":\"axauto\"},\"image\":{\"@id\":\"https:\/\/axauto.fr\/#\/schema\/logo\/image\/\"}}]}<\/script>\n<!-- \/ Yoast SEO plugin. -->","yoast_head_json":{"title":"Nos services - axauto","description":"D\u00e9couvrez nos services automobiles complets : vente, entretien, d\u00e9pannage, r\u00e9paration et plus encore. Contactez-nous rapidement !","robots":{"index":"index","follow":"follow","max-snippet":"max-snippet:-1","max-image-preview":"max-image-preview:large","max-video-preview":"max-video-preview:-1"},"canonical":"https:\/\/axauto.fr\/?page_id=335","og_locale":"fr_FR","og_type":"article","og_title":"Nos services - axauto","og_description":"D\u00e9couvrez nos services automobiles complets : vente, entretien, d\u00e9pannage, r\u00e9paration et plus encore. Contactez-nous rapidement !","og_url":"https:\/\/axauto.fr\/?page_id=335","og_site_name":"axauto","article_modified_time":"2024-06-28T13:09:40+00:00","og_image":[{"url":"https:\/\/axauto.fr\/wp-content\/uploads\/2024\/06\/P1080879-1024x768.jpg"}],"twitter_card":"summary_large_image","twitter_misc":{"Dur\u00e9e de lecture estim\u00e9e":"3 minutes"},"schema":{"@context":"https:\/\/schema.org","@graph":[{"@type":"WebPage","@id":"https:\/\/axauto.fr\/?page_id=335","url":"https:\/\/axauto.fr\/?page_id=335","name":"Nos services - axauto","isPartOf":{"@id":"https:\/\/axauto.fr\/#website"},"primaryImageOfPage":{"@id":"https:\/\/axauto.fr\/?page_id=335#primaryimage"},"image":{"@id":"https:\/\/axauto.fr\/?page_id=335#primaryimage"},"thumbnailUrl":"https:\/\/axauto.fr\/wp-content\/uploads\/2024\/06\/P1080879-1024x768.jpg","datePublished":"2024-06-21T13:43:59+00:00","dateModified":"2024-06-28T13:09:40+00:00","description":"D\u00e9couvrez nos services automobiles complets : vente, entretien, d\u00e9pannage, r\u00e9paration et plus encore. Contactez-nous rapidement !","breadcrumb":{"@id":"https:\/\/axauto.fr\/?page_id=335#breadcrumb"},"inLanguage":"fr-FR","potentialAction":[{"@type":"ReadAction","target":["https:\/\/axauto.fr\/?page_id=335"]}]},{"@type":"ImageObject","inLanguage":"fr-FR","@id":"https:\/\/axauto.fr\/?page_id=335#primaryimage","url":"https:\/\/axauto.fr\/wp-content\/uploads\/2024\/06\/P1080879.jpg","contentUrl":"https:\/\/axauto.fr\/wp-content\/uploads\/2024\/06\/P1080879.jpg","width":2048,"height":1536},{"@type":"BreadcrumbList","@id":"https:\/\/axauto.fr\/?page_id=335#breadcrumb","itemListElement":[{"@type":"ListItem","position":1,"name":"Accueil","item":"https:\/\/axauto.fr\/"},{"@type":"ListItem","position":2,"name":"Nos services"}]},{"@type":"WebSite","@id":"https:\/\/axauto.fr\/#website","url":"https:\/\/axauto.fr\/","name":"axauto","description":"Axauto centre auto","publisher":{"@id":"https:\/\/axauto.fr\/#organization"},"potentialAction":[{"@type":"SearchAction","target":{"@type":"EntryPoint","urlTemplate":"https:\/\/axauto.fr\/?s={search_term_string}"},"query-input":"required name=search_term_string"}],"inLanguage":"fr-FR"},{"@type":"Organization","@id":"https:\/\/axauto.fr\/#organization","name":"axauto","url":"https:\/\/axauto.fr\/","logo":{"@type":"ImageObject","inLanguage":"fr-FR","@id":"https:\/\/axauto.fr\/#\/schema\/logo\/image\/","url":"https:\/\/axauto.fr\/wp-content\/uploads\/2022\/06\/cropped-cropped-logo-axauto-3-scaled-1.jpg","contentUrl":"https:\/\/axauto.fr\/wp-content\/uploads\/2022\/06\/cropped-cropped-logo-axauto-3-scaled-1.jpg","width":586,"height":250,"caption":"axauto"},"image":{"@id":"https:\/\/axauto.fr\/#\/schema\/logo\/image\/"}}]}},"_links":{"self":[{"href":"https:\/\/axauto.fr\/index.php?rest_route=\/wp\/v2\/pages\/335"}],"collection":[{"href":"https:\/\/axauto.fr\/index.php?rest_route=\/wp\/v2\/pages"}],"about":[{"href":"https:\/\/axauto.fr\/index.php?rest_route=\/wp\/v2\/types\/page"}],"author":[{"embeddable":true,"href":"https:\/\/axauto.fr\/index.php?rest_route=\/wp\/v2\/users\/1"}],"replies":[{"embeddable":true,"href":"https:\/\/axauto.fr\/index.php?rest_route=%2Fwp%2Fv2%2Fcomments&post=335"}],"version-history":[{"count":18,"href":"https:\/\/axauto.fr\/index.php?rest_route=\/wp\/v2\/pages\/335\/revisions"}],"predecessor-version":[{"id":465,"href":"https:\/\/axauto.fr\/index.php?rest_route=\/wp\/v2\/pages\/335\/revisions\/465"}],"wp:attachment":[{"href":"https:\/\/axauto.fr\/index.php?rest_route=%2Fwp%2Fv2%2Fmedia&parent=335"}],"curies":[{"name":"wp","href":"https:\/\/api.w.org\/{rel}","templated":true}]}}